{"id":362,"date":"2024-01-09T16:12:58","date_gmt":"2024-01-09T15:12:58","guid":{"rendered":"https:\/\/sorteox6m.es\/index.php\/politica-privacidad-copy\/"},"modified":"2024-03-21T16:29:27","modified_gmt":"2024-03-21T15:29:27","slug":"politica-privacidad-copy","status":"publish","type":"page","link":"https:\/\/sorteox6m.es\/index.php\/politica-privacidad-copy\/","title":{"rendered":"Pol\u00edtica de coockies"},"content":{"rendered":"\t\t<div data-elementor-type=\"wp-page\" data-elementor-id=\"362\" class=\"elementor elementor-362\" data-elementor-post-type=\"page\">\n\t\t\t\t\t\t<section class=\"elementor-section elementor-top-section elementor-element elementor-element-4164dd87 elementor-section-height-min-height elementor-section-content-middle elementor-section-boxed elementor-section-height-default elementor-section-items-middle\" data-id=\"4164dd87\" data-element_type=\"section\" data-settings=\"{&quot;background_background&quot;:&quot;classic&quot;}\">\n\t\t\t\t\t\t\t<div class=\"elementor-background-overlay\"><\/div>\n\t\t\t\t\t\t\t<div class=\"elementor-container elementor-column-gap-default\">\n\t\t\t\t\t<div class=\"elementor-column elementor-col-100 elementor-top-column elementor-element elementor-element-67de8704\" data-id=\"67de8704\" data-element_type=\"column\">\n\t\t\t<div class=\"elementor-widget-wrap elementor-element-populated\">\n\t\t\t\t\t\t<div class=\"elementor-element elementor-element-5652511a elementor-widget elementor-widget-heading\" data-id=\"5652511a\" data-element_type=\"widget\" data-widget_type=\"heading.default\">\n\t\t\t\t<div class=\"elementor-widget-container\">\n\t\t\t<style>\/*! elementor - v3.21.0 - 08-05-2024 *\/\n.elementor-heading-title{padding:0;margin:0;line-height:1}.elementor-widget-heading .elementor-heading-title[class*=elementor-size-]>a{color:inherit;font-size:inherit;line-height:inherit}.elementor-widget-heading .elementor-heading-title.elementor-size-small{font-size:15px}.elementor-widget-heading .elementor-heading-title.elementor-size-medium{font-size:19px}.elementor-widget-heading .elementor-heading-title.elementor-size-large{font-size:29px}.elementor-widget-heading .elementor-heading-title.elementor-size-xl{font-size:39px}.elementor-widget-heading .elementor-heading-title.elementor-size-xxl{font-size:59px}<\/style><h3 class=\"elementor-heading-title elementor-size-default\">LEGAL<\/h3>\t\t<\/div>\n\t\t\t\t<\/div>\n\t\t\t\t\t<\/div>\n\t\t<\/div>\n\t\t\t\t\t<\/div>\n\t\t<\/section>\n\t\t\t\t<section class=\"elementor-section elementor-top-section elementor-element elementor-element-3e0d8ee1 elementor-section-boxed elementor-section-height-default elementor-section-height-default\" data-id=\"3e0d8ee1\" data-element_type=\"section\" data-settings=\"{&quot;background_background&quot;:&quot;classic&quot;}\">\n\t\t\t\t\t\t\t<div class=\"elementor-background-overlay\"><\/div>\n\t\t\t\t\t\t\t<div class=\"elementor-container elementor-column-gap-default\">\n\t\t\t\t\t<div class=\"elementor-column elementor-col-100 elementor-top-column elementor-element elementor-element-7e158f75\" data-id=\"7e158f75\" data-element_type=\"column\">\n\t\t\t<div class=\"elementor-widget-wrap elementor-element-populated\">\n\t\t\t\t\t\t<section class=\"elementor-section elementor-inner-section elementor-element elementor-element-45e20ae3 elementor-section-boxed elementor-section-height-default elementor-section-height-default\" data-id=\"45e20ae3\" data-element_type=\"section\">\n\t\t\t\t\t\t<div class=\"elementor-container elementor-column-gap-default\">\n\t\t\t\t\t<div class=\"elementor-column elementor-col-100 elementor-inner-column elementor-element elementor-element-11a81a1c\" data-id=\"11a81a1c\" data-element_type=\"column\">\n\t\t\t<div class=\"elementor-widget-wrap elementor-element-populated\">\n\t\t\t\t\t\t<div class=\"elementor-element elementor-element-39c649bb animated-slow elementor-invisible elementor-widget elementor-widget-heading\" data-id=\"39c649bb\" data-element_type=\"widget\" data-settings=\"{&quot;_animation&quot;:&quot;fadeInDown&quot;}\" data-widget_type=\"heading.default\">\n\t\t\t\t<div class=\"elementor-widget-container\">\n\t\t\t<h2 class=\"elementor-heading-title elementor-size-default\">Pol\u00edtica de coockies<\/h2>\t\t<\/div>\n\t\t\t\t<\/div>\n\t\t\t\t<div class=\"elementor-element elementor-element-5bc7f106 elementor-hidden-mobile elementor-widget elementor-widget-elementskit-heading\" data-id=\"5bc7f106\" data-element_type=\"widget\" data-widget_type=\"elementskit-heading.default\">\n\t\t\t\t<div class=\"elementor-widget-container\">\n\t\t\t<div class=\"ekit-wid-con\" ><div class=\"ekit-heading elementskit-section-title-wraper text_center   ekit_heading_tablet-   ekit_heading_mobile-\"><h4 class=\"ekit-heading--title elementskit-section-title \">Pol\u00edtica de coockies<\/h4><\/div><\/div>\t\t<\/div>\n\t\t\t\t<\/div>\n\t\t\t\t\t<\/div>\n\t\t<\/div>\n\t\t\t\t\t<\/div>\n\t\t<\/section>\n\t\t\t\t<section class=\"elementor-section elementor-inner-section elementor-element elementor-element-641ac739 elementor-section-boxed elementor-section-height-default elementor-section-height-default\" data-id=\"641ac739\" data-element_type=\"section\">\n\t\t\t\t\t\t<div class=\"elementor-container elementor-column-gap-default\">\n\t\t\t\t\t<div class=\"elementor-column elementor-col-100 elementor-inner-column elementor-element elementor-element-77057394\" data-id=\"77057394\" data-element_type=\"column\">\n\t\t\t<div class=\"elementor-widget-wrap elementor-element-populated\">\n\t\t\t\t\t\t<div class=\"elementor-element elementor-element-308fb8fb elementor-widget elementor-widget-text-editor\" data-id=\"308fb8fb\" data-element_type=\"widget\" data-widget_type=\"text-editor.default\">\n\t\t\t\t<div class=\"elementor-widget-container\">\n\t\t\t<style>\/*! elementor - v3.21.0 - 08-05-2024 *\/\n.elementor-widget-text-editor.elementor-drop-cap-view-stacked .elementor-drop-cap{background-color:#69727d;color:#fff}.elementor-widget-text-editor.elementor-drop-cap-view-framed .elementor-drop-cap{color:#69727d;border:3px solid;background-color:transparent}.elementor-widget-text-editor:not(.elementor-drop-cap-view-default) .elementor-drop-cap{margin-top:8px}.elementor-widget-text-editor:not(.elementor-drop-cap-view-default) .elementor-drop-cap-letter{width:1em;height:1em}.elementor-widget-text-editor .elementor-drop-cap{float:left;text-align:center;line-height:1;font-size:50px}.elementor-widget-text-editor .elementor-drop-cap-letter{display:inline-block}<\/style>\t\t\t\t<p style=\"text-align: left;\">Una cookie es un fichero inform\u00e1tico inofensivo que se almacena en su navegador y en los archivos temporales de su equipo cu\u00e1ndo visita cualquier p\u00e1gina web. Sirve, entre otras cosas, para que la web sea capaz de recordar su visita anterior cuandoquiera a navegar por la misma.<\/p><p style=\"text-align: left;\">Las cookies suelen almacenar informaci\u00f3n t\u00e9cnica (navegador, entorno\u2026), preferencias personales, personalizaci\u00f3n, estad\u00edsticas, enlaces a redes sociales&#8230; . El objetivo es adaptar el contenido a su perfil y necesidades.<\/p><p style=\"text-align: left;\">Una cookie ni es un virus, ni es un troyano, ni abre ventanas emergentes (pop-up) ni almacena datos de car\u00e1cter personal(DNI, cuentas bancarias\u2026) ni realiza labores de espionaje inform\u00e1tico. Es m\u00e1s, las cookies no le identifican a usted personalmente, identifican la conjunci\u00f3n navegador-sistema operativo con la que accede a la web. Cada navegador puede soportar cookies distintas y almacenar informaci\u00f3n distinta en funci\u00f3n de su configuraci\u00f3n.<\/p><p style=\"text-align: left;\">El navegador es el software encargado de procesar las cookies, almacenarlas y, en su caso, borrarlas o evitar su instalaci\u00f3n. En consecuencia, esta web no puede garantizar el correcto proceso de las mismas por parte del software utilizado para acceder a la misma.<br \/>Usted puede eliminar, e incluso bloquear completamente o por dominio, las cookies que almacena su navegador. Recuerde que este bloqueo puede provocar efectos no deseados como que no pueda acceder a las \u00e1reas privadas de la web, compartir informaci\u00f3n a trav\u00e9s de redes sociales, comentar en las noticias o, incluso, no poder realizar compras a trav\u00e9s de internet alno poder acceder satisfactoriamente al carrito de la compra.<\/p><p style=\"text-align: left;\">Esta web no se hace responsable de las pol\u00edticas de privacidad de terceros con los que comparta informaci\u00f3n a trav\u00e9s de la misma o sus botones sociales como son los proveedores de redes sociales (Facebook, Twitter\u2026). En caso de dudas sobre esta pol\u00edtica de privacidad contacte con nosotros.<\/p><p style=\"text-align: left;\"><br \/>Cookies utilizadas<br \/>Este sitio web utiliza las siguientes cookies propias:<\/p><p style=\"text-align: left;\"><br \/>Cookies de sesi\u00f3n:<br \/>Tienen como finalidad evitar el spam y garantizar que quien interact\u00faa con la web es un humano y no un robot.<\/p><p style=\"text-align: left;\">Cookies de usuario:<br \/>Tienen como finalidad permitir el acceso a la web a trav\u00e9s de usuario y contrase\u00f1a, recordando suspreferencias.<br \/>Este sitio web utiliza las siguientes<\/p><p style=\"text-align: left;\">cookies de terceros:<\/p><p style=\"text-align: left;\">Cookies anal\u00edticas: Tienen como finalidad poder elaborar estad\u00edsticas sobre tr\u00e1fico y visitas a esta web. Dichas cookies sontitularidad de Google y para cualquier acci\u00f3n sobre las mismas habr\u00e1 de contactar con esta empresa. Google tiene suscritosacuerdos de Puerto Seguro para que sus datos, a pesar de que puedan estar almacenados en servidores fuera de la Uni\u00f3nEuropea, sean tratados conforme a la normativa comunitaria de protecci\u00f3n de datos<\/p><p style=\"text-align: left;\">Redes sociales: Las redes sociales utilizan cookies propias para compartir el contenido y proveedores de video como Youtubehacen uso de cookies para permitirle el visionado de los mismos<\/p><p style=\"text-align: left;\">Cookies Publicitarias: Tienen como finalidad detectar el n\u00famero de impresiones de los anuncios que acompa\u00f1an a nuestraweb para proveer estad\u00edsticas sobre el n\u00famero de pulsaciones que se realizan en los mismos. Dichos anuncios usan cookiestitularidad de Google (Adsense)<\/p><p style=\"text-align: left;\">\u00a0<\/p><p style=\"text-align: left;\">Puede deshabilitar las cookies en las preferencias de navegaci\u00f3n de su navegador en cualquier momento. A continuaci\u00f3n facilitamos, de forma gen\u00e9rica y teniendo en cuenta que puede variar en funci\u00f3n de la versi\u00f3n instalada, los lugares m\u00e1s habituales donde puede encontrar la configuraci\u00f3n de cookies en los navegadores m\u00e1s populares:<\/p><p style=\"text-align: left;\"><br \/>Internet Explorer: Herramientas -&gt; Opciones de Internet -&gt; Privacidad -&gt; Configuraci\u00f3n.<\/p><p style=\"text-align: left;\">Mozilla Firefox: Herramientas -&gt; Opciones -&gt; Privacidad -&gt; Historial -&gt; Configuraci\u00f3n Personalizada.<\/p><p style=\"text-align: left;\">Google Chrome: Configuraci\u00f3n -&gt; Mostrar opciones avanzadas -&gt; Privacidad -&gt; Configuraci\u00f3n de contenido.<\/p><p style=\"text-align: left;\">Opera: Configuraci\u00f3n -&gt; Opciones -&gt; Avanzado -&gt; Cookies.<\/p><p style=\"text-align: left;\">Safari: Preferencias -&gt; Seguridad.<\/p><p style=\"text-align: left;\"><br \/>As\u00ed mismo lo recordamos que muchos de los navegadores existentes en la actualidad permiten el modo de navegaci\u00f3n privada, borrando las cookies y el historial de navegaci\u00f3n una vez que cierra el navegador. Contacte con su proveedor desoftware para m\u00e1s informaci\u00f3n.<\/p>\t\t\t\t\t\t<\/div>\n\t\t\t\t<\/div>\n\t\t\t\t\t<\/div>\n\t\t<\/div>\n\t\t\t\t\t<\/div>\n\t\t<\/section>\n\t\t\t\t\t<\/div>\n\t\t<\/div>\n\t\t\t\t\t<\/div>\n\t\t<\/section>\n\t\t\t\t<\/div>\n\t\t","protected":false},"excerpt":{"rendered":"<p>LEGAL Una cookie es un fichero inform\u00e1tico inofensivo que se almacena en su navegador y en los archivos temporales de su equipo cu\u00e1ndo visita cualquier p\u00e1gina web. Sirve, entre otras cosas, para que la web sea capaz de recordar su visita anterior cuandoquiera a navegar por la misma. Las cookies suelen almacenar informaci\u00f3n t\u00e9cnica (navegador, [&hellip;]<\/p>\n","protected":false},"author":1,"featured_media":0,"parent":0,"menu_order":0,"comment_status":"closed","ping_status":"open","template":"elementor_header_footer","meta":{"footnotes":""},"_links":{"self":[{"href":"https:\/\/sorteox6m.es\/index.php\/wp-json\/wp\/v2\/pages\/362"}],"collection":[{"href":"https:\/\/sorteox6m.es\/index.php\/wp-json\/wp\/v2\/pages"}],"about":[{"href":"https:\/\/sorteox6m.es\/index.php\/wp-json\/wp\/v2\/types\/page"}],"author":[{"embeddable":true,"href":"https:\/\/sorteox6m.es\/index.php\/wp-json\/wp\/v2\/users\/1"}],"replies":[{"embeddable":true,"href":"https:\/\/sorteox6m.es\/index.php\/wp-json\/wp\/v2\/comments?post=362"}],"version-history":[{"count":18,"href":"https:\/\/sorteox6m.es\/index.php\/wp-json\/wp\/v2\/pages\/362\/revisions"}],"predecessor-version":[{"id":2178,"href":"https:\/\/sorteox6m.es\/index.php\/wp-json\/wp\/v2\/pages\/362\/revisions\/2178"}],"wp:attachment":[{"href":"https:\/\/sorteox6m.es\/index.php\/wp-json\/wp\/v2\/media?parent=362"}],"curies":[{"name":"wp","href":"https:\/\/api.w.org\/{rel}","templated":true}]}}